{"id":1511,"date":"2013-12-11T16:06:09","date_gmt":"2013-12-11T18:06:09","guid":{"rendered":"http:\/\/confrariadabirita.com.br\/?page_id=1511"},"modified":"2021-06-23T15:01:44","modified_gmt":"2021-06-23T18:01:44","slug":"imagens-alcoolicas","status":"publish","type":"page","link":"https:\/\/nitsites.com.br\/confraria\/imagens-alcoolicas","title":{"rendered":"Imagens Alco\u00f3licas"},"content":{"rendered":"\n<div class=\"wp-block-columns is-layout-flex wp-container-core-columns-is-layout-9d6595d7 wp-block-columns-is-layout-flex\">\n<div class=\"wp-block-column is-layout-flow wp-block-column-is-layout-flow\" style=\"flex-basis:100%\">\n<div class=\"wp-block-columns alignfull are-vertically-aligned-top is-layout-flex wp-container-core-columns-is-layout-9d6595d7 wp-block-columns-is-layout-flex\">\n<div class=\"wp-block-column is-vertically-aligned-top is-layout-flow wp-block-column-is-layout-flow\" style=\"flex-basis:100%\">\n<figure class=\"wp-block-gallery columns-2 is-cropped wp-block-gallery-1 is-layout-flex wp-block-gallery-is-layout-flex\"><ul class=\"blocks-gallery-grid\"><li class=\"blocks-gallery-item\"><figure><a href=\"https:\/\/nitsites.com.br\/confraria\/wp-content\/uploads\/sites\/9\/2013\/12\/prato.jpg\" rel=\"lightbox[gallery-2]\"><img loading=\"lazy\" decoding=\"async\" width=\"600\" height=\"450\" src=\"https:\/\/nitsites.com.br\/confraria\/wp-content\/uploads\/sites\/9\/2013\/12\/prato.jpg\" alt=\"\" data-id=\"1512\" class=\"wp-image-1512\" srcset=\"https:\/\/nitsites.com.br\/confraria\/wp-content\/uploads\/sites\/9\/2013\/12\/prato.jpg 600w, https:\/\/nitsites.com.br\/confraria\/wp-content\/uploads\/sites\/9\/2013\/12\/prato-350x262.jpg 350w\" sizes=\"auto, (max-width: 600px) 100vw, 600px\" \/><\/a><figcaption class=\"blocks-gallery-item__caption\">Uma ideia revolucion\u00e1ria<\/figcaption><\/figure><\/li><li class=\"blocks-gallery-item\"><figure><a href=\"https:\/\/nitsites.com.br\/confraria\/wp-content\/uploads\/sites\/9\/2013\/12\/tumulo.jpg\" rel=\"lightbox[gallery-2]\"><img loading=\"lazy\" decoding=\"async\" width=\"600\" height=\"451\" src=\"https:\/\/nitsites.com.br\/confraria\/wp-content\/uploads\/sites\/9\/2013\/12\/tumulo.jpg\" alt=\"\" data-id=\"1513\" class=\"wp-image-1513\" srcset=\"https:\/\/nitsites.com.br\/confraria\/wp-content\/uploads\/sites\/9\/2013\/12\/tumulo.jpg 600w, https:\/\/nitsites.com.br\/confraria\/wp-content\/uploads\/sites\/9\/2013\/12\/tumulo-350x263.jpg 350w\" sizes=\"auto, (max-width: 600px) 100vw, 600px\" \/><\/a><figcaption class=\"blocks-gallery-item__caption\">mor mesmo ap\u00f3s a morte<\/figcaption><\/figure><\/li><li class=\"blocks-gallery-item\"><figure><a href=\"https:\/\/nitsites.com.br\/confraria\/wp-content\/uploads\/sites\/9\/2013\/12\/vida-se-resume-a-4-garrafas.jpg\" rel=\"lightbox[gallery-2]\"><img loading=\"lazy\" decoding=\"async\" width=\"350\" height=\"465\" src=\"https:\/\/nitsites.com.br\/confraria\/wp-content\/uploads\/sites\/9\/2013\/12\/vida-se-resume-a-4-garrafas.jpg\" alt=\"\" data-id=\"1514\" class=\"wp-image-1514\"\/><\/a><figcaption class=\"blocks-gallery-item__caption\">As diferentes garrafas da vida de um homem<\/figcaption><\/figure><\/li><li class=\"blocks-gallery-item\"><figure><a href=\"https:\/\/nitsites.com.br\/confraria\/wp-content\/uploads\/sites\/9\/2013\/12\/aboboras-selvagens.jpg\" rel=\"lightbox[gallery-2]\"><img loading=\"lazy\" decoding=\"async\" width=\"558\" height=\"737\" src=\"https:\/\/nitsites.com.br\/confraria\/wp-content\/uploads\/sites\/9\/2013\/12\/aboboras-selvagens.jpg\" alt=\"\" data-id=\"1515\" class=\"wp-image-1515\" srcset=\"https:\/\/nitsites.com.br\/confraria\/wp-content\/uploads\/sites\/9\/2013\/12\/aboboras-selvagens.jpg 558w, https:\/\/nitsites.com.br\/confraria\/wp-content\/uploads\/sites\/9\/2013\/12\/aboboras-selvagens-350x462.jpg 350w, https:\/\/nitsites.com.br\/confraria\/wp-content\/uploads\/sites\/9\/2013\/12\/aboboras-selvagens-416x550.jpg 416w\" sizes=\"auto, (max-width: 558px) 100vw, 558px\" \/><\/a><figcaption class=\"blocks-gallery-item__caption\">Ab\u00f3boras selvagens<\/figcaption><\/figure><\/li><li class=\"blocks-gallery-item\"><figure><a href=\"https:\/\/nitsites.com.br\/confraria\/wp-content\/uploads\/sites\/9\/2013\/12\/amor.jpg\" rel=\"lightbox[gallery-2]\"><img loading=\"lazy\" decoding=\"async\" width=\"480\" height=\"359\" src=\"https:\/\/nitsites.com.br\/confraria\/wp-content\/uploads\/sites\/9\/2013\/12\/amor.jpg\" alt=\"\" data-id=\"1516\" class=\"wp-image-1516\" srcset=\"https:\/\/nitsites.com.br\/confraria\/wp-content\/uploads\/sites\/9\/2013\/12\/amor.jpg 480w, https:\/\/nitsites.com.br\/confraria\/wp-content\/uploads\/sites\/9\/2013\/12\/amor-350x261.jpg 350w\" sizes=\"auto, (max-width: 480px) 100vw, 480px\" \/><\/a><figcaption class=\"blocks-gallery-item__caption\">Que amor!<\/figcaption><\/figure><\/li><li class=\"blocks-gallery-item\"><figure><a href=\"https:\/\/nitsites.com.br\/confraria\/wp-content\/uploads\/sites\/9\/2013\/12\/arvore-de-natal.jpg\" rel=\"lightbox[gallery-2]\"><img loading=\"lazy\" decoding=\"async\" width=\"420\" height=\"519\" src=\"https:\/\/nitsites.com.br\/confraria\/wp-content\/uploads\/sites\/9\/2013\/12\/arvore-de-natal.jpg\" alt=\"\" data-id=\"1517\" class=\"wp-image-1517\" srcset=\"https:\/\/nitsites.com.br\/confraria\/wp-content\/uploads\/sites\/9\/2013\/12\/arvore-de-natal.jpg 420w, https:\/\/nitsites.com.br\/confraria\/wp-content\/uploads\/sites\/9\/2013\/12\/arvore-de-natal-350x432.jpg 350w\" sizes=\"auto, (max-width: 420px) 100vw, 420px\" \/><\/a><figcaption class=\"blocks-gallery-item__caption\">\u00c1rvore de Natal<\/figcaption><\/figure><\/li><li class=\"blocks-gallery-item\"><figure><a href=\"https:\/\/nitsites.com.br\/confraria\/wp-content\/uploads\/sites\/9\/2013\/12\/atleta.jpg\" rel=\"lightbox[gallery-2]\"><img loading=\"lazy\" decoding=\"async\" width=\"580\" height=\"393\" src=\"https:\/\/nitsites.com.br\/confraria\/wp-content\/uploads\/sites\/9\/2013\/12\/atleta.jpg\" alt=\"\" data-id=\"1518\" class=\"wp-image-1518\" srcset=\"https:\/\/nitsites.com.br\/confraria\/wp-content\/uploads\/sites\/9\/2013\/12\/atleta.jpg 580w, https:\/\/nitsites.com.br\/confraria\/wp-content\/uploads\/sites\/9\/2013\/12\/atleta-350x237.jpg 350w, https:\/\/nitsites.com.br\/confraria\/wp-content\/uploads\/sites\/9\/2013\/12\/atleta-578x393.jpg 578w, https:\/\/nitsites.com.br\/confraria\/wp-content\/uploads\/sites\/9\/2013\/12\/atleta-140x94.jpg 140w\" sizes=\"auto, (max-width: 580px) 100vw, 580px\" \/><\/a><figcaption class=\"blocks-gallery-item__caption\">G\u00eameas!<\/figcaption><\/figure><\/li><li class=\"blocks-gallery-item\"><figure><a href=\"https:\/\/nitsites.com.br\/confraria\/wp-content\/uploads\/sites\/9\/2013\/12\/bebado.gif\" rel=\"lightbox[gallery-2]\"><img loading=\"lazy\" decoding=\"async\" width=\"314\" height=\"314\" src=\"https:\/\/nitsites.com.br\/confraria\/wp-content\/uploads\/sites\/9\/2013\/12\/bebado.gif\" alt=\"\" data-id=\"1519\" class=\"wp-image-1519\"\/><\/a><figcaption class=\"blocks-gallery-item__caption\">Antes e Depois<\/figcaption><\/figure><\/li><li class=\"blocks-gallery-item\"><figure><a href=\"https:\/\/nitsites.com.br\/confraria\/wp-content\/uploads\/sites\/9\/2013\/12\/bebado04.jpg\" rel=\"lightbox[gallery-2]\"><img loading=\"lazy\" decoding=\"async\" width=\"500\" height=\"375\" src=\"https:\/\/nitsites.com.br\/confraria\/wp-content\/uploads\/sites\/9\/2013\/12\/bebado04.jpg\" alt=\"\" data-id=\"1520\" class=\"wp-image-1520\" srcset=\"https:\/\/nitsites.com.br\/confraria\/wp-content\/uploads\/sites\/9\/2013\/12\/bebado04.jpg 500w, https:\/\/nitsites.com.br\/confraria\/wp-content\/uploads\/sites\/9\/2013\/12\/bebado04-350x262.jpg 350w\" sizes=\"auto, (max-width: 500px) 100vw, 500px\" \/><\/a><figcaption class=\"blocks-gallery-item__caption\">Sugest\u00e3o para festas \u00e0 fantasia<\/figcaption><\/figure><\/li><li class=\"blocks-gallery-item\"><figure><a href=\"https:\/\/nitsites.com.br\/confraria\/wp-content\/uploads\/sites\/9\/2013\/12\/copinho.jpg\" rel=\"lightbox[gallery-2]\"><img loading=\"lazy\" decoding=\"async\" width=\"640\" height=\"481\" src=\"https:\/\/nitsites.com.br\/confraria\/wp-content\/uploads\/sites\/9\/2013\/12\/copinho.jpg\" alt=\"\" data-id=\"1521\" class=\"wp-image-1521\" srcset=\"https:\/\/nitsites.com.br\/confraria\/wp-content\/uploads\/sites\/9\/2013\/12\/copinho.jpg 640w, https:\/\/nitsites.com.br\/confraria\/wp-content\/uploads\/sites\/9\/2013\/12\/copinho-350x263.jpg 350w\" sizes=\"auto, (max-width: 640px) 100vw, 640px\" \/><\/a><figcaption class=\"blocks-gallery-item__caption\">S\u00f3 vou beber um copinho<\/figcaption><\/figure><\/li><li class=\"blocks-gallery-item\"><figure><a href=\"https:\/\/nitsites.com.br\/confraria\/wp-content\/uploads\/sites\/9\/2013\/12\/desastre.jpg\" rel=\"lightbox[gallery-2]\"><img loading=\"lazy\" decoding=\"async\" width=\"600\" height=\"445\" src=\"https:\/\/nitsites.com.br\/confraria\/wp-content\/uploads\/sites\/9\/2013\/12\/desastre.jpg\" alt=\"\" data-id=\"1523\" class=\"wp-image-1523\" srcset=\"https:\/\/nitsites.com.br\/confraria\/wp-content\/uploads\/sites\/9\/2013\/12\/desastre.jpg 600w, https:\/\/nitsites.com.br\/confraria\/wp-content\/uploads\/sites\/9\/2013\/12\/desastre-350x259.jpg 350w\" sizes=\"auto, (max-width: 600px) 100vw, 600px\" \/><\/a><figcaption class=\"blocks-gallery-item__caption\">Desastre na estrada<\/figcaption><\/figure><\/li><li class=\"blocks-gallery-item\"><figure><a href=\"https:\/\/nitsites.com.br\/confraria\/wp-content\/uploads\/sites\/9\/2013\/12\/mesa-chopp.jpg\" rel=\"lightbox[gallery-2]\"><img loading=\"lazy\" decoding=\"async\" width=\"600\" height=\"563\" src=\"https:\/\/nitsites.com.br\/confraria\/wp-content\/uploads\/sites\/9\/2013\/12\/mesa-chopp.jpg\" alt=\"\" data-id=\"1525\" class=\"wp-image-1525\" srcset=\"https:\/\/nitsites.com.br\/confraria\/wp-content\/uploads\/sites\/9\/2013\/12\/mesa-chopp.jpg 600w, https:\/\/nitsites.com.br\/confraria\/wp-content\/uploads\/sites\/9\/2013\/12\/mesa-chopp-350x328.jpg 350w, https:\/\/nitsites.com.br\/confraria\/wp-content\/uploads\/sites\/9\/2013\/12\/mesa-chopp-586x550.jpg 586w\" sizes=\"auto, (max-width: 600px) 100vw, 600px\" \/><\/a><figcaption class=\"blocks-gallery-item__caption\">Quem n\u00e3o quer um desses na varanda?<\/figcaption><\/figure><\/li><li class=\"blocks-gallery-item\"><figure><a href=\"https:\/\/nitsites.com.br\/confraria\/wp-content\/uploads\/sites\/9\/2013\/12\/varanda.jpg\" rel=\"lightbox[gallery-2]\"><img loading=\"lazy\" decoding=\"async\" width=\"800\" height=\"600\" src=\"https:\/\/nitsites.com.br\/confraria\/wp-content\/uploads\/sites\/9\/2013\/12\/varanda.jpg\" alt=\"\" data-id=\"1526\" class=\"wp-image-1526\" srcset=\"https:\/\/nitsites.com.br\/confraria\/wp-content\/uploads\/sites\/9\/2013\/12\/varanda.jpg 800w, https:\/\/nitsites.com.br\/confraria\/wp-content\/uploads\/sites\/9\/2013\/12\/varanda-350x262.jpg 350w, https:\/\/nitsites.com.br\/confraria\/wp-content\/uploads\/sites\/9\/2013\/12\/varanda-700x525.jpg 700w\" sizes=\"auto, (max-width: 800px) 100vw, 800px\" \/><\/a><figcaption class=\"blocks-gallery-item__caption\">Mais uma linda varanda<\/figcaption><\/figure><\/li><\/ul><\/figure>\n<\/div>\n<\/div>\n<\/div>\n<\/div>\n","protected":false},"excerpt":{"rendered":"<p>Nesta se\u00e7\u00e3o publicamos imagens aleat\u00f3rias, mas sempre com alguma coisa em comum: o tema alco\u00f3lico!<\/p>\n","protected":false},"author":1,"featured_media":1527,"parent":0,"menu_order":0,"comment_status":"open","ping_status":"open","template":"","meta":{"footnotes":""},"class_list":["post-1511","page","type-page","status-publish","has-post-thumbnail","hentry"],"_links":{"self":[{"href":"https:\/\/nitsites.com.br\/confraria\/wp-json\/wp\/v2\/pages\/1511","targetHints":{"allow":["GET"]}}],"collection":[{"href":"https:\/\/nitsites.com.br\/confraria\/wp-json\/wp\/v2\/pages"}],"about":[{"href":"https:\/\/nitsites.com.br\/confraria\/wp-json\/wp\/v2\/types\/page"}],"author":[{"embeddable":true,"href":"https:\/\/nitsites.com.br\/confraria\/wp-json\/wp\/v2\/users\/1"}],"replies":[{"embeddable":true,"href":"https:\/\/nitsites.com.br\/confraria\/wp-json\/wp\/v2\/comments?post=1511"}],"version-history":[{"count":5,"href":"https:\/\/nitsites.com.br\/confraria\/wp-json\/wp\/v2\/pages\/1511\/revisions"}],"predecessor-version":[{"id":1720,"href":"https:\/\/nitsites.com.br\/confraria\/wp-json\/wp\/v2\/pages\/1511\/revisions\/1720"}],"wp:featuredmedia":[{"embeddable":true,"href":"https:\/\/nitsites.com.br\/confraria\/wp-json\/wp\/v2\/media\/1527"}],"wp:attachment":[{"href":"https:\/\/nitsites.com.br\/confraria\/wp-json\/wp\/v2\/media?parent=1511"}],"curies":[{"name":"wp","href":"https:\/\/api.w.org\/{rel}","templated":true}]}}