{"id":80,"date":"2008-06-06T21:02:59","date_gmt":"2008-06-06T23:02:59","guid":{"rendered":"http:\/\/www.tobeguarany.com\/wp\/?page_id=2"},"modified":"2008-06-06T21:02:59","modified_gmt":"2008-06-06T23:02:59","slug":"sobre","status":"publish","type":"page","link":"https:\/\/nitsites.com.br\/confraria\/sobre","title":{"rendered":"Sobre a Confraria da Birita"},"content":{"rendered":"<p><img loading=\"lazy\" decoding=\"async\" class=\"alignright size-full wp-image-242\" title=\"Biribier\" alt=\"\" src=\"https:\/\/nitsites.com.br\/confraria\/wp-content\/uploads\/sites\/9\/2008\/11\/rotulo.jpg\" width=\"200\" height=\"255\" \/>A <strong>Confraria da Birita<\/strong> \u00e9 uma mistura de empresa informal e associa\u00e7\u00e3o &#8220;bebeficente&#8221;. A sociedade dos &#8220;\u00c9brios Infal\u00edveis&#8221; tem seu marco inicial na Faculdade de Arquitetura da UFRJ, em <strong>2001<\/strong>, onde seus <a href=\"http:\/\/www.nitsites.com.br\/confraria\/sobre\/diretoria\">membros-fundadores<\/a> e ainda estudantes se reuniam em torno de uma mesa de bar em in\u00f3spitos redutos da Ilha do Fund\u00e3o.<\/p>\n<p>Hoje, a <strong>Confraria da Birita<\/strong> se orgulha por poder contar com diversos integrantes que aos poucos foram aderindo nesses anos de trajet\u00f3ria. O que antes era apenas um devaneio juvenil (papo de b\u00eabado), agora se concretiza nos v\u00e1rios eventos promovidos: presen\u00e7a constante em diversos botecos da cidade, churrascos memor\u00e1veis, festas regadas, carnavais, excurs\u00f5es, torneios de sinuca etc.<\/p>\n<p>A <strong>Confraria da Birita<\/strong>, segundo um renomado psic\u00f3logo, &#8220;\u00e9 a \u00fanica <a href=\"http:\/\/pt.wikipedia.org\/wiki\/Institui%C3%A7%C3%A3o\">institui\u00e7\u00e3o<\/a> s\u00e9ria de Niter\u00f3i&#8221;. Tem <a href=\"http:\/\/www.nitsites.com.br\/confraria\/sobre\/hino\">hino<\/a> pr\u00f3prio, ritos e regras. Possui escrit\u00f3rios no Rio de Janeiro, em Niter\u00f3i e, no momento, estuda a aquisi\u00e7\u00e3o de uma ilha no Caribe. Mant\u00e9m uma <a href=\"http:\/\/www.nitsites.com.br\/confraria\/sobre\/universidade-da-birita\">Universidade<\/a> e promove um <a href=\"http:\/\/www.nitsites.com.br\/confraria\/tampinha-cross\">campeonato de Tampinha Cross<\/a> que j\u00e1 dura tr\u00eas anos na mesma temporada.<\/p>\n<p>A <strong>Confraria da Birita<\/strong> ainda organiza o CD <em>Musicando o \u00c1lcool<\/em>, \u00e0 venda nos piores bares e botecos do Brasil.<\/p>\n<h2>Confraria da Pelota<\/h2>\n<p><img loading=\"lazy\" decoding=\"async\" class=\"dir size-full wp-image-277 alignright\" title=\"Confraria da Pelota\" alt=\"\" src=\"https:\/\/nitsites.com.br\/confraria\/wp-content\/uploads\/sites\/9\/2008\/11\/pelota01.jpg\" width=\"100\" height=\"229\" \/>A Associa\u00e7\u00e3o Atl\u00e9tica Confraria da Pelota &#8211; o time mais embriagado do Brasil &#8211; \u00e9 o bra\u00e7o esportivo da Confraria da Birita. O contrato foi assinado num momento de total embriaguez do Presidente, que naquela altura acreditava que o time seria um bom investimento publicit\u00e1rio.<\/p>\n<p>De qualquer forma o time vem surpreendendo na terceirona, sua atual divis\u00e3o, j\u00e1 tendo esculachado o Fluminense em uma oportunidade passada e se preparando para jogar contra o Vasco em um futuro pr\u00f3ximo.<\/p>\n<h3>Videogame<\/h3>\n<p>A Confraria da Pelota \u00e9 t\u00e3o profissional que em 2008 ganhou uma vers\u00e3o em videogame. Veja as fotos:<\/p>\n<div id='gallery-1' class='gallery galleryid-80 gallery-columns-5 gallery-size-thumbnail'><figure class='gallery-item'>\n\t\t\t<div class='gallery-icon landscape'>\n\t\t\t\t<a href='https:\/\/nitsites.com.br\/confraria\/wp-content\/uploads\/sites\/9\/2008\/06\/fifa01.jpg' rel=\"lightbox[gallery-0]\"><img loading=\"lazy\" decoding=\"async\" width=\"150\" height=\"150\" src=\"https:\/\/nitsites.com.br\/confraria\/wp-content\/uploads\/sites\/9\/2008\/06\/fifa01-150x150.jpg\" class=\"attachment-thumbnail size-thumbnail\" alt=\"\" srcset=\"https:\/\/nitsites.com.br\/confraria\/wp-content\/uploads\/sites\/9\/2008\/06\/fifa01-150x150.jpg 150w, https:\/\/nitsites.com.br\/confraria\/wp-content\/uploads\/sites\/9\/2008\/06\/fifa01-160x160.jpg 160w, https:\/\/nitsites.com.br\/confraria\/wp-content\/uploads\/sites\/9\/2008\/06\/fifa01-240x240.jpg 240w, https:\/\/nitsites.com.br\/confraria\/wp-content\/uploads\/sites\/9\/2008\/06\/fifa01-60x60.jpg 60w, https:\/\/nitsites.com.br\/confraria\/wp-content\/uploads\/sites\/9\/2008\/06\/fifa01-184x184.jpg 184w\" sizes=\"auto, (max-width: 150px) 100vw, 150px\" \/><\/a>\n\t\t\t<\/div><\/figure><figure class='gallery-item'>\n\t\t\t<div class='gallery-icon landscape'>\n\t\t\t\t<a href='https:\/\/nitsites.com.br\/confraria\/wp-content\/uploads\/sites\/9\/2008\/06\/fifa02.jpg' rel=\"lightbox[gallery-0]\"><img loading=\"lazy\" decoding=\"async\" width=\"150\" height=\"150\" src=\"https:\/\/nitsites.com.br\/confraria\/wp-content\/uploads\/sites\/9\/2008\/06\/fifa02-150x150.jpg\" class=\"attachment-thumbnail size-thumbnail\" alt=\"\" srcset=\"https:\/\/nitsites.com.br\/confraria\/wp-content\/uploads\/sites\/9\/2008\/06\/fifa02-150x150.jpg 150w, https:\/\/nitsites.com.br\/confraria\/wp-content\/uploads\/sites\/9\/2008\/06\/fifa02-160x160.jpg 160w, https:\/\/nitsites.com.br\/confraria\/wp-content\/uploads\/sites\/9\/2008\/06\/fifa02-240x240.jpg 240w, https:\/\/nitsites.com.br\/confraria\/wp-content\/uploads\/sites\/9\/2008\/06\/fifa02-60x60.jpg 60w, https:\/\/nitsites.com.br\/confraria\/wp-content\/uploads\/sites\/9\/2008\/06\/fifa02-184x184.jpg 184w\" sizes=\"auto, (max-width: 150px) 100vw, 150px\" \/><\/a>\n\t\t\t<\/div><\/figure><figure class='gallery-item'>\n\t\t\t<div class='gallery-icon landscape'>\n\t\t\t\t<a href='https:\/\/nitsites.com.br\/confraria\/wp-content\/uploads\/sites\/9\/2008\/06\/fifa03.jpg' rel=\"lightbox[gallery-0]\"><img loading=\"lazy\" decoding=\"async\" width=\"150\" height=\"150\" src=\"https:\/\/nitsites.com.br\/confraria\/wp-content\/uploads\/sites\/9\/2008\/06\/fifa03-150x150.jpg\" class=\"attachment-thumbnail size-thumbnail\" alt=\"\" srcset=\"https:\/\/nitsites.com.br\/confraria\/wp-content\/uploads\/sites\/9\/2008\/06\/fifa03-150x150.jpg 150w, https:\/\/nitsites.com.br\/confraria\/wp-content\/uploads\/sites\/9\/2008\/06\/fifa03-160x160.jpg 160w, https:\/\/nitsites.com.br\/confraria\/wp-content\/uploads\/sites\/9\/2008\/06\/fifa03-240x240.jpg 240w, https:\/\/nitsites.com.br\/confraria\/wp-content\/uploads\/sites\/9\/2008\/06\/fifa03-60x60.jpg 60w, https:\/\/nitsites.com.br\/confraria\/wp-content\/uploads\/sites\/9\/2008\/06\/fifa03-184x184.jpg 184w\" sizes=\"auto, (max-width: 150px) 100vw, 150px\" \/><\/a>\n\t\t\t<\/div><\/figure><figure class='gallery-item'>\n\t\t\t<div class='gallery-icon landscape'>\n\t\t\t\t<a href='https:\/\/nitsites.com.br\/confraria\/wp-content\/uploads\/sites\/9\/2008\/06\/fifa04.jpg' rel=\"lightbox[gallery-0]\"><img loading=\"lazy\" decoding=\"async\" width=\"150\" height=\"150\" src=\"https:\/\/nitsites.com.br\/confraria\/wp-content\/uploads\/sites\/9\/2008\/06\/fifa04-150x150.jpg\" class=\"attachment-thumbnail size-thumbnail\" alt=\"\" srcset=\"https:\/\/nitsites.com.br\/confraria\/wp-content\/uploads\/sites\/9\/2008\/06\/fifa04-150x150.jpg 150w, https:\/\/nitsites.com.br\/confraria\/wp-content\/uploads\/sites\/9\/2008\/06\/fifa04-160x160.jpg 160w, https:\/\/nitsites.com.br\/confraria\/wp-content\/uploads\/sites\/9\/2008\/06\/fifa04-240x240.jpg 240w, https:\/\/nitsites.com.br\/confraria\/wp-content\/uploads\/sites\/9\/2008\/06\/fifa04-60x60.jpg 60w, https:\/\/nitsites.com.br\/confraria\/wp-content\/uploads\/sites\/9\/2008\/06\/fifa04-184x184.jpg 184w\" sizes=\"auto, (max-width: 150px) 100vw, 150px\" \/><\/a>\n\t\t\t<\/div><\/figure><figure class='gallery-item'>\n\t\t\t<div class='gallery-icon landscape'>\n\t\t\t\t<a href='https:\/\/nitsites.com.br\/confraria\/wp-content\/uploads\/sites\/9\/2008\/06\/fifa08a.jpg' rel=\"lightbox[gallery-0]\"><img loading=\"lazy\" decoding=\"async\" width=\"150\" height=\"150\" src=\"https:\/\/nitsites.com.br\/confraria\/wp-content\/uploads\/sites\/9\/2008\/06\/fifa08a-150x150.jpg\" class=\"attachment-thumbnail size-thumbnail\" alt=\"\" srcset=\"https:\/\/nitsites.com.br\/confraria\/wp-content\/uploads\/sites\/9\/2008\/06\/fifa08a-150x150.jpg 150w, https:\/\/nitsites.com.br\/confraria\/wp-content\/uploads\/sites\/9\/2008\/06\/fifa08a-160x160.jpg 160w, https:\/\/nitsites.com.br\/confraria\/wp-content\/uploads\/sites\/9\/2008\/06\/fifa08a-240x240.jpg 240w, https:\/\/nitsites.com.br\/confraria\/wp-content\/uploads\/sites\/9\/2008\/06\/fifa08a-60x60.jpg 60w, https:\/\/nitsites.com.br\/confraria\/wp-content\/uploads\/sites\/9\/2008\/06\/fifa08a-184x184.jpg 184w\" sizes=\"auto, (max-width: 150px) 100vw, 150px\" \/><\/a>\n\t\t\t<\/div><\/figure><figure class='gallery-item'>\n\t\t\t<div class='gallery-icon landscape'>\n\t\t\t\t<a href='https:\/\/nitsites.com.br\/confraria\/wp-content\/uploads\/sites\/9\/2008\/06\/fifa08b.jpg' rel=\"lightbox[gallery-0]\"><img loading=\"lazy\" decoding=\"async\" width=\"150\" height=\"150\" src=\"https:\/\/nitsites.com.br\/confraria\/wp-content\/uploads\/sites\/9\/2008\/06\/fifa08b-150x150.jpg\" class=\"attachment-thumbnail size-thumbnail\" alt=\"\" srcset=\"https:\/\/nitsites.com.br\/confraria\/wp-content\/uploads\/sites\/9\/2008\/06\/fifa08b-150x150.jpg 150w, https:\/\/nitsites.com.br\/confraria\/wp-content\/uploads\/sites\/9\/2008\/06\/fifa08b-160x160.jpg 160w, https:\/\/nitsites.com.br\/confraria\/wp-content\/uploads\/sites\/9\/2008\/06\/fifa08b-240x240.jpg 240w, https:\/\/nitsites.com.br\/confraria\/wp-content\/uploads\/sites\/9\/2008\/06\/fifa08b-60x60.jpg 60w, https:\/\/nitsites.com.br\/confraria\/wp-content\/uploads\/sites\/9\/2008\/06\/fifa08b-184x184.jpg 184w\" sizes=\"auto, (max-width: 150px) 100vw, 150px\" \/><\/a>\n\t\t\t<\/div><\/figure><figure class='gallery-item'>\n\t\t\t<div class='gallery-icon landscape'>\n\t\t\t\t<a href='https:\/\/nitsites.com.br\/confraria\/wp-content\/uploads\/sites\/9\/2008\/06\/fifa08c.jpg' rel=\"lightbox[gallery-0]\"><img loading=\"lazy\" decoding=\"async\" width=\"150\" height=\"150\" src=\"https:\/\/nitsites.com.br\/confraria\/wp-content\/uploads\/sites\/9\/2008\/06\/fifa08c-150x150.jpg\" class=\"attachment-thumbnail size-thumbnail\" alt=\"\" srcset=\"https:\/\/nitsites.com.br\/confraria\/wp-content\/uploads\/sites\/9\/2008\/06\/fifa08c-150x150.jpg 150w, https:\/\/nitsites.com.br\/confraria\/wp-content\/uploads\/sites\/9\/2008\/06\/fifa08c-160x160.jpg 160w, https:\/\/nitsites.com.br\/confraria\/wp-content\/uploads\/sites\/9\/2008\/06\/fifa08c-240x240.jpg 240w, https:\/\/nitsites.com.br\/confraria\/wp-content\/uploads\/sites\/9\/2008\/06\/fifa08c-60x60.jpg 60w, https:\/\/nitsites.com.br\/confraria\/wp-content\/uploads\/sites\/9\/2008\/06\/fifa08c-184x184.jpg 184w\" sizes=\"auto, (max-width: 150px) 100vw, 150px\" \/><\/a>\n\t\t\t<\/div><\/figure><figure class='gallery-item'>\n\t\t\t<div class='gallery-icon landscape'>\n\t\t\t\t<a href='https:\/\/nitsites.com.br\/confraria\/wp-content\/uploads\/sites\/9\/2008\/06\/fifa08d.jpg' rel=\"lightbox[gallery-0]\"><img loading=\"lazy\" decoding=\"async\" width=\"150\" height=\"150\" src=\"https:\/\/nitsites.com.br\/confraria\/wp-content\/uploads\/sites\/9\/2008\/06\/fifa08d-150x150.jpg\" class=\"attachment-thumbnail size-thumbnail\" alt=\"\" srcset=\"https:\/\/nitsites.com.br\/confraria\/wp-content\/uploads\/sites\/9\/2008\/06\/fifa08d-150x150.jpg 150w, https:\/\/nitsites.com.br\/confraria\/wp-content\/uploads\/sites\/9\/2008\/06\/fifa08d-160x160.jpg 160w, https:\/\/nitsites.com.br\/confraria\/wp-content\/uploads\/sites\/9\/2008\/06\/fifa08d-240x240.jpg 240w, https:\/\/nitsites.com.br\/confraria\/wp-content\/uploads\/sites\/9\/2008\/06\/fifa08d-60x60.jpg 60w, https:\/\/nitsites.com.br\/confraria\/wp-content\/uploads\/sites\/9\/2008\/06\/fifa08d-184x184.jpg 184w\" sizes=\"auto, (max-width: 150px) 100vw, 150px\" \/><\/a>\n\t\t\t<\/div><\/figure><figure class='gallery-item'>\n\t\t\t<div class='gallery-icon landscape'>\n\t\t\t\t<a href='https:\/\/nitsites.com.br\/confraria\/wp-content\/uploads\/sites\/9\/2008\/06\/fifa08e.jpg' rel=\"lightbox[gallery-0]\"><img loading=\"lazy\" decoding=\"async\" width=\"150\" height=\"150\" src=\"https:\/\/nitsites.com.br\/confraria\/wp-content\/uploads\/sites\/9\/2008\/06\/fifa08e-150x150.jpg\" class=\"attachment-thumbnail size-thumbnail\" alt=\"\" srcset=\"https:\/\/nitsites.com.br\/confraria\/wp-content\/uploads\/sites\/9\/2008\/06\/fifa08e-150x150.jpg 150w, https:\/\/nitsites.com.br\/confraria\/wp-content\/uploads\/sites\/9\/2008\/06\/fifa08e-160x160.jpg 160w, https:\/\/nitsites.com.br\/confraria\/wp-content\/uploads\/sites\/9\/2008\/06\/fifa08e-240x240.jpg 240w, https:\/\/nitsites.com.br\/confraria\/wp-content\/uploads\/sites\/9\/2008\/06\/fifa08e-60x60.jpg 60w, https:\/\/nitsites.com.br\/confraria\/wp-content\/uploads\/sites\/9\/2008\/06\/fifa08e-184x184.jpg 184w\" sizes=\"auto, (max-width: 150px) 100vw, 150px\" \/><\/a>\n\t\t\t<\/div><\/figure>\n\t\t<\/div>\n\n","protected":false},"excerpt":{"rendered":"<p>A Confraria da Birita \u00e9 uma mistura de empresa informal e associa\u00e7\u00e3o &#8220;bebeficente&#8221;. A sociedade dos \u00c9brios Infal\u00edveis tem seu marco inicial na Faculdade de Arquitetura da UFRJ, em 2001.<\/p>\n","protected":false},"author":1,"featured_media":1302,"parent":0,"menu_order":1,"comment_status":"closed","ping_status":"open","template":"","meta":{"footnotes":""},"class_list":["post-80","page","type-page","status-publish","has-post-thumbnail","hentry"],"_links":{"self":[{"href":"https:\/\/nitsites.com.br\/confraria\/wp-json\/wp\/v2\/pages\/80","targetHints":{"allow":["GET"]}}],"collection":[{"href":"https:\/\/nitsites.com.br\/confraria\/wp-json\/wp\/v2\/pages"}],"about":[{"href":"https:\/\/nitsites.com.br\/confraria\/wp-json\/wp\/v2\/types\/page"}],"author":[{"embeddable":true,"href":"https:\/\/nitsites.com.br\/confraria\/wp-json\/wp\/v2\/users\/1"}],"replies":[{"embeddable":true,"href":"https:\/\/nitsites.com.br\/confraria\/wp-json\/wp\/v2\/comments?post=80"}],"version-history":[{"count":0,"href":"https:\/\/nitsites.com.br\/confraria\/wp-json\/wp\/v2\/pages\/80\/revisions"}],"wp:featuredmedia":[{"embeddable":true,"href":"https:\/\/nitsites.com.br\/confraria\/wp-json\/wp\/v2\/media\/1302"}],"wp:attachment":[{"href":"https:\/\/nitsites.com.br\/confraria\/wp-json\/wp\/v2\/media?parent=80"}],"curies":[{"name":"wp","href":"https:\/\/api.w.org\/{rel}","templated":true}]}}