{"id":84,"date":"2008-06-26T08:15:48","date_gmt":"2008-06-26T11:15:48","guid":{"rendered":"http:\/\/www.tobeguarany.com\/wp\/?page_id=135"},"modified":"2008-06-26T08:15:48","modified_gmt":"2008-06-26T11:15:48","slug":"se-for-beber-nao-dirija","status":"publish","type":"page","link":"https:\/\/nitsites.com.br\/confraria\/se-for-beber-nao-dirija","title":{"rendered":"Se for dirigir, n\u00e3o beba. Se for beber, me chame!"},"content":{"rendered":"<p style=\"text-align:right;font-style:italic\">Por Marcelo Alvares*<\/p>\n<p><img loading=\"lazy\" decoding=\"async\" class=\"alignright size-medium wp-image-239\" title=\"Se for dirigir, n\u00e3o beba\" src=\"https:\/\/nitsites.com.br\/confraria\/wp-content\/uploads\/sites\/9\/2008\/11\/beber_e_dirigir.jpg\" alt=\"\" width=\"300\" height=\"200\" srcset=\"https:\/\/nitsites.com.br\/confraria\/wp-content\/uploads\/sites\/9\/2008\/11\/beber_e_dirigir.jpg 300w, https:\/\/nitsites.com.br\/confraria\/wp-content\/uploads\/sites\/9\/2008\/11\/beber_e_dirigir-140x94.jpg 140w\" sizes=\"auto, (max-width: 300px) 100vw, 300px\" \/>O povo brasileiro bebe, isso \u00e9 fato! Adoramos um <em>happy hour<\/em>, uma feijoada com cerveja, assistir a um jogo de futebol bebendo e petiscando com amigos, bebemos para dan\u00e7ar e nos soltar, bebemos para rir ou chorar, nos churrascos, ouvindo um samba ou pulando carnaval&#8230;<\/p>\n<p>Por\u00e9m, muitas vezes a embriaguez pode acarretar consequ\u00eancias graves. Por exemplo, quem n\u00e3o conhece uma hist\u00f3ria de acidente de carro envolvendo pessoas embriagadas? Os n\u00fameros assustam, todos sabemos. Ser\u00e1 que proibir o \u00e1lcool seria solu\u00e7\u00e3o? D\u00e1 para imaginar uma Lei Seca no Brasil?<\/p>\n<p>A pol\u00edtica de redu\u00e7\u00e3o de danos direcionada ao \u00e1lcool come\u00e7ou com esta simples, objetiva e eficiente frase: &#8220;Se beber, n\u00e3o dirija&#8221;, porque, afinal de contas, as pessoas bebem e continuar\u00e3o a beber. No entanto, deve-se aprender a beber de uma maneira menos prejudicial \u00e0 sa\u00fade e mais respons\u00e1vel.<\/p>\n<p>Os n\u00fameros continuam altos, mas diminu\u00edram muito depois do nascimento desta pequenina frase. Depois dela, nasceram as irm\u00e3s &#8220;beba com responsabilidade&#8221; e &#8220;aprecie com modera\u00e7\u00e3o&#8221;, entre outras.<\/p>\n<p>Felizmente, todo esse trabalho surtiu efeitos muito positivos. Hoje a juventude sabe, por exemplo, quais s\u00e3o as consequ\u00eancias de dirigir alcoolizado e, por isso, muitos evitam. Esse cuidado j\u00e1 faz parte da cultura brasileira. Existiram outras campanhas \u00f3timas como a &#8220;Sem No\u00e7\u00e3o&#8221;, promovida pela AME (Amigos da M\u00fasica Eletr\u00f4nica), &#8220;Dia de Alerta&#8221; &#8211; sobre o uso excessivo de \u00e1lcool &#8211; promovida pela USP, UNESP e UNICAMP, descontos para voltar de t\u00e1xi oferecidos pela vodka Smirnoff, entre outras iniciativas.<\/p>\n<p>Para come\u00e7ar reduzindo os danos causados pelo \u00e1lcool voc\u00ea pode seguir essas simples informa\u00e7\u00f5es:<\/p>\n<ul>\n<li>Beba \u00e1gua antes, durante e depois do consumo de \u00e1lcool<\/li>\n<li>Tome vitaminas do complexo B<\/li>\n<li>Alimente-se bem antes de beber<\/li>\n<li>Se poss\u00edvel v\u00e1 de t\u00e1xi, carona ou transporte p\u00fablico<\/li>\n<li>Evite atividades incompat\u00edveis com a embriaguez (principalmente as que exigem reflexos)<\/li>\n<li>N\u00e3o misture \u00e1lcool com outras drogas e\/ou medica\u00e7\u00f5es<\/li>\n<li>Tenha sempre uma camisinha \u00e0 m\u00e3o<\/li>\n<\/ul>\n<div class=\"quadro\"><img loading=\"lazy\" decoding=\"async\" class=\"esq size-medium wp-image-234\" title=\"Marcelo Alvares\" src=\"https:\/\/nitsites.com.br\/confraria\/wp-content\/uploads\/sites\/9\/2008\/11\/marcelo.jpg\" alt=\"\" width=\"90\" height=\"106\" \/><small>* Marcelo Alvares gentilmente permitiu que public\u00e1ssemos esse seu texto. Ele \u00e9 psic\u00f3logo formado pela USP e trabalha na \u00e1rea da depend\u00eancia qu\u00edmica. Iniciou sua carreira cuidando de dependentes de crack, coca\u00edna, anfetaminas e principalmente, usu\u00e1rios de m\u00faltiplas drogas. Hoje atende pessoas com todos os tipos de depend\u00eancia qu\u00edmica j\u00e1 que o tema tornou-se cada vez mais apaixonante e desafiador. <a href=\"http:\/\/www.obaoba.com.br\/coluna\/marcelo\/index.asp\">Conhe\u00e7a mais textos de Marcelo Alvares<\/a>.<\/small><\/div>\n","protected":false},"excerpt":{"rendered":"<p>Por Marcelo Alvares* O povo brasileiro bebe, isso \u00e9 fato! Adoramos um happy hour, uma feijoada com cerveja, assistir a um jogo de futebol bebendo e petiscando com amigos, bebemos para dan\u00e7ar e nos soltar, bebemos para rir ou chorar, nos churrascos, ouvindo um samba ou pulando carnaval&#8230; Por\u00e9m, muitas vezes a embriaguez pode acarretar [&hellip;]<\/p>\n","protected":false},"author":1,"featured_media":0,"parent":0,"menu_order":10,"comment_status":"closed","ping_status":"closed","template":"","meta":{"footnotes":""},"class_list":["post-84","page","type-page","status-publish","hentry"],"_links":{"self":[{"href":"https:\/\/nitsites.com.br\/confraria\/wp-json\/wp\/v2\/pages\/84","targetHints":{"allow":["GET"]}}],"collection":[{"href":"https:\/\/nitsites.com.br\/confraria\/wp-json\/wp\/v2\/pages"}],"about":[{"href":"https:\/\/nitsites.com.br\/confraria\/wp-json\/wp\/v2\/types\/page"}],"author":[{"embeddable":true,"href":"https:\/\/nitsites.com.br\/confraria\/wp-json\/wp\/v2\/users\/1"}],"replies":[{"embeddable":true,"href":"https:\/\/nitsites.com.br\/confraria\/wp-json\/wp\/v2\/comments?post=84"}],"version-history":[{"count":0,"href":"https:\/\/nitsites.com.br\/confraria\/wp-json\/wp\/v2\/pages\/84\/revisions"}],"wp:attachment":[{"href":"https:\/\/nitsites.com.br\/confraria\/wp-json\/wp\/v2\/media?parent=84"}],"curies":[{"name":"wp","href":"https:\/\/api.w.org\/{rel}","templated":true}]}}