{"id":85,"date":"2008-06-26T08:31:29","date_gmt":"2008-06-26T11:31:29","guid":{"rendered":"http:\/\/www.tobeguarany.com\/wp\/?page_id=136"},"modified":"2008-06-26T08:31:29","modified_gmt":"2008-06-26T11:31:29","slug":"diretoria","status":"publish","type":"page","link":"https:\/\/nitsites.com.br\/confraria\/sobre\/diretoria","title":{"rendered":"Diretoria"},"content":{"rendered":"<p><img loading=\"lazy\" decoding=\"async\" class=\"alignright size-medium wp-image-1297\" alt=\"Confraria 2010\" src=\"https:\/\/nitsites.com.br\/confraria\/wp-content\/uploads\/sites\/9\/2008\/06\/Confraria-2010-350x234.jpg\" width=\"350\" height=\"234\" srcset=\"https:\/\/nitsites.com.br\/confraria\/wp-content\/uploads\/sites\/9\/2008\/06\/Confraria-2010-350x234.jpg 350w, https:\/\/nitsites.com.br\/confraria\/wp-content\/uploads\/sites\/9\/2008\/06\/Confraria-2010-700x468.jpg 700w, https:\/\/nitsites.com.br\/confraria\/wp-content\/uploads\/sites\/9\/2008\/06\/Confraria-2010-321x214.jpg 321w, https:\/\/nitsites.com.br\/confraria\/wp-content\/uploads\/sites\/9\/2008\/06\/Confraria-2010-140x94.jpg 140w, https:\/\/nitsites.com.br\/confraria\/wp-content\/uploads\/sites\/9\/2008\/06\/Confraria-2010.jpg 1200w\" sizes=\"auto, (max-width: 350px) 100vw, 350px\" \/><\/p>\n<h2>Diretores-Fundadores<\/h2>\n<ul>\n<li><strong>Ramon<\/strong>: Presidente dos \u00c9brios Infal\u00edveis<\/li>\n<li><strong>Eri<\/strong>: Diretor de Controle de Qualidade do \u00c1lcool<\/li>\n<li><strong>Fabio<\/strong>: Diretor de Recursos Humanos e Alco\u00f3licos<\/li>\n<li><strong>Renat\u00e3o<\/strong>: Diretor de Log\u00edstica de Material Alco\u00f3lico<\/li>\n<li><strong>Rodrigo<\/strong>: Diretor de Projetos e Desenvolvimento de Biritas<\/li>\n<li><strong>Mateus<\/strong>: Diretor de Marketing e Publicidade Et\u00edlica<\/li>\n<\/ul>\n<h2>A Ger\u00eancia<\/h2>\n<ul>\n<li><strong>Andr\u00e9<\/strong>: Gerente de manuten\u00e7\u00e3o da Atividade Churrasqueira<\/li>\n<li><strong>Leo<\/strong>: Gerente de Informatiza\u00e7\u00e3o e Divulga\u00e7\u00e3o da Marca<\/li>\n<li><strong>Jeff<\/strong>: Gerente de Atividade Churrasqueira e Afins<\/li>\n<li><strong>Bessa<\/strong>: Gerente Musical<\/li>\n<li><strong>Rick Moranis<\/strong>: Gerente Contabiriteiro<\/li>\n<li><strong>Marinho<\/strong>: Gerente para Assuntos Aleat\u00f3rios e Etc<\/li>\n<\/ul>\n<h2>Confraretes<\/h2>\n<ul>\n<li><strong>Kiki<\/strong>: Primeira-Dama do \u00c1lcool<\/li>\n<li><strong>Isabela<\/strong>: Confrarete Honor\u00e1ria<\/li>\n<li><strong>Ta\u00edsa<\/strong>: Animadora de Eventos<\/li>\n<li><strong>Adriana M<\/strong>: Animadora de Eventos<\/li>\n<li><strong>Loira<\/strong>: Consultora Gastron\u00f4mica para Reabilita\u00e7\u00e3o de \u00c9brios<\/li>\n<li><strong>Andr\u00e9a<\/strong>: Confrarete Glamourosa<\/li>\n<li><strong>Elayne<\/strong>: Consultora de Comunicalcoliza\u00e7\u00e3o<\/li>\n<li><strong>Fabi<\/strong>: Confrarete Verde-e-Rosa<\/li>\n<li><strong>Jana<\/strong>: Consultora para Reabilita\u00e7\u00e3o do Andr\u00e9<\/li>\n<li><strong>J\u00fa C<\/strong>: Confrarete Oculta<\/li>\n<li><strong>J\u00fa T<\/strong>: Consultora Est\u00e9tica<\/li>\n<li><strong>Milla<\/strong>: Consultora Biric\u00f3lica<\/li>\n<li><strong>Vanessa<\/strong>: Consultora para Bebidas Quentes<\/li>\n<li><strong>Vivi<\/strong>: Confrarete Pisco<\/li>\n<li><strong>Carlinha<\/strong>: Confrarete Simpatia (&#8220;Drink Free&#8221;)<\/li>\n<\/ul>\n<h2>Mascotes<\/h2>\n<ul>\n<li>Birita, L&#8217; intrepide Saucisse<\/li>\n<li>Tulipa<\/li>\n<li>Lindi (ou Pinga)<\/li>\n<li>Lisbela<\/li>\n<\/ul>\n<h2>Fazem parte da hist\u00f3ria da Confraria:<\/h2>\n<p>Rafael F\u00e9lix, Samir, M\u00e1rio, Gabiru, Paulo e outros honor\u00e1veis guerreiros.<\/p>\n","protected":false},"excerpt":{"rendered":"<p>Quadro-funcional da Confraria da Birita. Conhe\u00e7a seus Diretores, Gerentes, Confraretes e Mascotes.<\/p>\n","protected":false},"author":1,"featured_media":1301,"parent":80,"menu_order":0,"comment_status":"closed","ping_status":"closed","template":"","meta":{"footnotes":""},"class_list":["post-85","page","type-page","status-publish","has-post-thumbnail","hentry"],"_links":{"self":[{"href":"https:\/\/nitsites.com.br\/confraria\/wp-json\/wp\/v2\/pages\/85","targetHints":{"allow":["GET"]}}],"collection":[{"href":"https:\/\/nitsites.com.br\/confraria\/wp-json\/wp\/v2\/pages"}],"about":[{"href":"https:\/\/nitsites.com.br\/confraria\/wp-json\/wp\/v2\/types\/page"}],"author":[{"embeddable":true,"href":"https:\/\/nitsites.com.br\/confraria\/wp-json\/wp\/v2\/users\/1"}],"replies":[{"embeddable":true,"href":"https:\/\/nitsites.com.br\/confraria\/wp-json\/wp\/v2\/comments?post=85"}],"version-history":[{"count":0,"href":"https:\/\/nitsites.com.br\/confraria\/wp-json\/wp\/v2\/pages\/85\/revisions"}],"up":[{"embeddable":true,"href":"https:\/\/nitsites.com.br\/confraria\/wp-json\/wp\/v2\/pages\/80"}],"wp:featuredmedia":[{"embeddable":true,"href":"https:\/\/nitsites.com.br\/confraria\/wp-json\/wp\/v2\/media\/1301"}],"wp:attachment":[{"href":"https:\/\/nitsites.com.br\/confraria\/wp-json\/wp\/v2\/media?parent=85"}],"curies":[{"name":"wp","href":"https:\/\/api.w.org\/{rel}","templated":true}]}}