{"id":86,"date":"2008-06-26T08:35:06","date_gmt":"2008-06-26T11:35:06","guid":{"rendered":"http:\/\/www.tobeguarany.com\/wp\/?page_id=137"},"modified":"2014-07-24T22:37:27","modified_gmt":"2014-07-25T01:37:27","slug":"hino","status":"publish","type":"page","link":"https:\/\/nitsites.com.br\/confraria\/sobre\/hino","title":{"rendered":"Nosso Hino"},"content":{"rendered":"<p>O <strong>Hino da Confraria da Birita<\/strong> \u00e9 o \u00fanico hino do mundo que n\u00e3o foi composto por <a href=\"http:\/\/pt.wikipedia.org\/wiki\/Lamartine_Babo\">Lamartine Babo<\/a>. A letra \u00e9 do injusti\u00e7ado <strong>Mateus<\/strong>, Primeiro-irm\u00e3o da <strong>Confraria da Birita<\/strong>, que raramente recebe o cr\u00e9dito por tamanha fa\u00e7anha. Foi mal, Mateus, mas \u00e9 dif\u00edcil acreditar que algum hino desse mundo n\u00e3o tenha sido escrito por Lamartine Babo.<\/p>\n<p>A m\u00fasica abaixo \u00e9 a <strong>vers\u00e3o rock<\/strong> do hino. Foi feita por Bessa e seus clones tocando bateria, guitarra, baixo, teclado e cantando. Em breve lan\u00e7aremos as vers\u00f5es dance, blues, ax\u00e9, funk, salsa e bossa-nova.<\/p>\n<h2>Ou\u00e7a<\/h2>\n<p><audio class=\"wp-audio-shortcode\" id=\"audio-86-1\" preload=\"none\" style=\"width: 100%;\" controls=\"controls\"><source type=\"audio\/mpeg\" src=\"https:\/\/nitsites.com.br\/confraria\/wp-content\/uploads\/sites\/9\/2008\/06\/Bessa-e-seus-Clones-Hino-da-Confraria-Rock-Mix.mp3?_=1\" \/><a href=\"https:\/\/nitsites.com.br\/confraria\/wp-content\/uploads\/sites\/9\/2008\/06\/Bessa-e-seus-Clones-Hino-da-Confraria-Rock-Mix.mp3\">https:\/\/nitsites.com.br\/confraria\/wp-content\/uploads\/sites\/9\/2008\/06\/Bessa-e-seus-Clones-Hino-da-Confraria-Rock-Mix.mp3<\/a><\/audio><br \/>\n<figure id=\"attachment_250\" aria-describedby=\"caption-attachment-250\" style=\"width: 350px\" class=\"wp-caption alignright\"><img loading=\"lazy\" decoding=\"async\" class=\"size-full wp-image-250\" style=\"border: 0;\" title=\"Bessa y los Clonetes\" src=\"https:\/\/nitsites.com.br\/confraria\/wp-content\/uploads\/sites\/9\/2008\/11\/bessa_e_seus_clones.jpg\" alt=\"Bessa y los Clonetes\" width=\"350\" height=\"526\" srcset=\"https:\/\/nitsites.com.br\/confraria\/wp-content\/uploads\/sites\/9\/2008\/11\/bessa_e_seus_clones.jpg 350w, https:\/\/nitsites.com.br\/confraria\/wp-content\/uploads\/sites\/9\/2008\/11\/bessa_e_seus_clones-332x500.jpg 332w\" sizes=\"auto, (max-width: 350px) 100vw, 350px\" \/><figcaption id=\"caption-attachment-250\" class=\"wp-caption-text\">Bessa e seus Clones<\/figcaption><\/figure><\/p>\n<h2>Cante<\/h2>\n<p>Confraria da Birita!<br \/>\nBebo para ser feliz!<br \/>\nDesce uma no meu copo,<br \/>\nPois eu vou perder o foco!<\/p>\n<p>Se no copo n\u00e3o agita,<br \/>\nPego logo minha tulipa.<br \/>\nTudo \u00e9 personalizado!<br \/>\nN\u00f3s estamos preparados!<\/p>\n<p>Somos todos pau dur\u00e3o!<br \/>\nVem tequila com lim\u00e3o!<br \/>\nCom a sede facilita,<br \/>\nMas sem ela n\u00e3o complica.<\/p>\n<p>Salve, salve a Nayara!<br \/>\n\u00c0 Marquise com louvor!<br \/>\nFlamejante a ti brindamos!<br \/>\nPois bebemos sem pudor!<\/p>\n<p>Queres \u00e1gua, digo p#rra!!!<br \/>\nFala s\u00e9rio, meu irm\u00e3o!<br \/>\n\u00c1gua s\u00f3 a destilada,<br \/>\nPara dar uma press\u00e3o!<\/p>\n<p>Vou pra B\u00fazios tomar uma!<br \/>\nQuase morro de cirrose!<br \/>\nEntro n\u2019\u00e1gua chei de \u00e1lcool<br \/>\nE n\u00e3o pego nem micose!<\/p>\n<p>Fa\u00e7a chuva ou fa\u00e7a sol.<br \/>\nQualquer dia eu vou beber!<br \/>\nQualquer dia \u00e9 sagrado,<br \/>\nComo qualquer feriado!<\/p>\n<p>Sssomos sssensssacscionalisssta,<br \/>\nDe uma asssssocscsia\u00e7s\u00e7\u00e3o!<br \/>\nQueresss uma assssessssoria,<br \/>\nPessss\u00e7a para Confraria!<\/p>\n","protected":false},"excerpt":{"rendered":"<p>O Hino da Confraria da Birita \u00e9 o \u00fanico hino do mundo que n\u00e3o foi composto por Lamartine Babo. A letra \u00e9 do injusti\u00e7ado Mateus, Primeiro-irm\u00e3o da Confraria da Birita, que raramente recebe o cr\u00e9dito por tamanha fa\u00e7anha. Foi mal, Mateus, mas \u00e9 dif\u00edcil acreditar que algum hino desse mundo n\u00e3o tenha sido escrito por [&hellip;]<\/p>\n","protected":false},"author":1,"featured_media":0,"parent":80,"menu_order":0,"comment_status":"closed","ping_status":"closed","template":"","meta":{"footnotes":""},"class_list":["post-86","page","type-page","status-publish","hentry"],"_links":{"self":[{"href":"https:\/\/nitsites.com.br\/confraria\/wp-json\/wp\/v2\/pages\/86","targetHints":{"allow":["GET"]}}],"collection":[{"href":"https:\/\/nitsites.com.br\/confraria\/wp-json\/wp\/v2\/pages"}],"about":[{"href":"https:\/\/nitsites.com.br\/confraria\/wp-json\/wp\/v2\/types\/page"}],"author":[{"embeddable":true,"href":"https:\/\/nitsites.com.br\/confraria\/wp-json\/wp\/v2\/users\/1"}],"replies":[{"embeddable":true,"href":"https:\/\/nitsites.com.br\/confraria\/wp-json\/wp\/v2\/comments?post=86"}],"version-history":[{"count":2,"href":"https:\/\/nitsites.com.br\/confraria\/wp-json\/wp\/v2\/pages\/86\/revisions"}],"predecessor-version":[{"id":1605,"href":"https:\/\/nitsites.com.br\/confraria\/wp-json\/wp\/v2\/pages\/86\/revisions\/1605"}],"up":[{"embeddable":true,"href":"https:\/\/nitsites.com.br\/confraria\/wp-json\/wp\/v2\/pages\/80"}],"wp:attachment":[{"href":"https:\/\/nitsites.com.br\/confraria\/wp-json\/wp\/v2\/media?parent=86"}],"curies":[{"name":"wp","href":"https:\/\/api.w.org\/{rel}","templated":true}]}}