{"id":87,"date":"2008-06-26T08:40:24","date_gmt":"2008-06-26T10:40:24","guid":{"rendered":"http:\/\/www.tobeguarany.com\/wp\/?page_id=138"},"modified":"2020-09-06T23:56:49","modified_gmt":"2020-09-07T02:56:49","slug":"tampinha-cross","status":"publish","type":"page","link":"https:\/\/nitsites.com.br\/confraria\/sobre\/tampinha-cross","title":{"rendered":"Tampinha Cross"},"content":{"rendered":"\n<div class=\"wp-block-image\"><figure class=\"alignright\"><img loading=\"lazy\" decoding=\"async\" width=\"296\" height=\"205\" src=\"https:\/\/nitsites.com.br\/confraria\/wp-content\/uploads\/sites\/9\/2008\/11\/tampinha_cross_logo.jpg\" alt=\"\" class=\"wp-image-281\" title=\"Tampinha Cross - Logotipo\"\/><\/figure><\/div>\n\n\n\n<p>A <strong>Confraria da Birita<\/strong> apresenta orgulhosamente o seu esporte oficial: o <strong>Tampinha Cross Beer Championship<\/strong>.<\/p>\n\n\n\n<p>O <strong>Tampinha Cross Beer Championship <\/strong>\u00e9 uma competi\u00e7\u00e3o quase automobil\u00edstica disputada entre os confrades e as confraretes. As regras s\u00e3o simples: o \u00e9brio deve guiar seu carro-tampinha atrav\u00e9s do percurso, tendo direito a tr\u00eas petelecos por rodada. Se sair da pista, perde a vez.<\/p>\n\n\n\n<p>\u00c9 o esporte mais emocionante de que se tem not\u00edcia, porque a qualquer momento o jogo (ou o jogador) pode virar! Devido ao terreno acidentado, n\u00e3o s\u00e3o raras as vezes que o l\u00edder se transforma no lanterninha ao ficar preso em um obst\u00e1culo! Al\u00e9m de tudo tem uma vantagem \u00edmpar: voc\u00ea pode beber \u00e0 vontade enquanto aguarda os outros participantes jogarem!<\/p>\n\n\n\n<p>O <strong>Tampinha Cross Beer Championship <\/strong>foi disputado em 2006 e 2007, com <strong><big>21<\/big><\/strong> pilotos, em <strong><big>4<\/big><\/strong> etapas diferentes.<\/p>\n\n\n\n<h2 class=\"wp-block-heading\">Participantes<\/h2>\n\n\n\n<p><big><strong>21 pilotos<\/strong><\/big> participaram do <strong>Tampinha Cross Beer Championship<\/strong> em <big><strong>4 etapas<\/strong><\/big>:<\/p>\n\n\n\n<figure class=\"wp-block-gallery columns-3 is-cropped wp-block-gallery-1 is-layout-flex wp-block-gallery-is-layout-flex\"><ul class=\"blocks-gallery-grid\"><li class=\"blocks-gallery-item\"><figure><a href=\"https:\/\/nitsites.com.br\/confraria\/wp-content\/uploads\/sites\/9\/2008\/06\/andre.jpg\" rel=\"lightbox[gallery-2]\"><img loading=\"lazy\" decoding=\"async\" width=\"640\" height=\"480\" src=\"https:\/\/nitsites.com.br\/confraria\/wp-content\/uploads\/sites\/9\/2008\/06\/andre.jpg\" alt=\"\" data-id=\"1344\" data-full-url=\"https:\/\/nitsites.com.br\/confraria\/wp-content\/uploads\/sites\/9\/2008\/06\/andre.jpg\" data-link=\"https:\/\/nitsites.com.br\/confraria\/sobre\/tampinha-cross\/andre\" class=\"wp-image-1344\" srcset=\"https:\/\/nitsites.com.br\/confraria\/wp-content\/uploads\/sites\/9\/2008\/06\/andre.jpg 640w, https:\/\/nitsites.com.br\/confraria\/wp-content\/uploads\/sites\/9\/2008\/06\/andre-350x262.jpg 350w\" sizes=\"auto, (max-width: 640px) 100vw, 640px\" \/><\/a><\/figure><\/li><li class=\"blocks-gallery-item\"><figure><a href=\"https:\/\/nitsites.com.br\/confraria\/wp-content\/uploads\/sites\/9\/2008\/06\/tulio.jpg\" rel=\"lightbox[gallery-2]\"><img loading=\"lazy\" decoding=\"async\" width=\"640\" height=\"480\" src=\"https:\/\/nitsites.com.br\/confraria\/wp-content\/uploads\/sites\/9\/2008\/06\/tulio.jpg\" alt=\"\" data-id=\"1343\" data-full-url=\"https:\/\/nitsites.com.br\/confraria\/wp-content\/uploads\/sites\/9\/2008\/06\/tulio.jpg\" data-link=\"https:\/\/nitsites.com.br\/confraria\/sobre\/tampinha-cross\/tulio\" class=\"wp-image-1343\" srcset=\"https:\/\/nitsites.com.br\/confraria\/wp-content\/uploads\/sites\/9\/2008\/06\/tulio.jpg 640w, https:\/\/nitsites.com.br\/confraria\/wp-content\/uploads\/sites\/9\/2008\/06\/tulio-350x262.jpg 350w\" sizes=\"auto, (max-width: 640px) 100vw, 640px\" \/><\/a><\/figure><\/li><li class=\"blocks-gallery-item\"><figure><a href=\"https:\/\/nitsites.com.br\/confraria\/wp-content\/uploads\/sites\/9\/2008\/06\/rubinho.jpg\" rel=\"lightbox[gallery-2]\"><img loading=\"lazy\" decoding=\"async\" width=\"640\" height=\"480\" src=\"https:\/\/nitsites.com.br\/confraria\/wp-content\/uploads\/sites\/9\/2008\/06\/rubinho.jpg\" alt=\"\" data-id=\"1342\" data-full-url=\"https:\/\/nitsites.com.br\/confraria\/wp-content\/uploads\/sites\/9\/2008\/06\/rubinho.jpg\" data-link=\"https:\/\/nitsites.com.br\/confraria\/sobre\/tampinha-cross\/rubinho\" class=\"wp-image-1342\" srcset=\"https:\/\/nitsites.com.br\/confraria\/wp-content\/uploads\/sites\/9\/2008\/06\/rubinho.jpg 640w, https:\/\/nitsites.com.br\/confraria\/wp-content\/uploads\/sites\/9\/2008\/06\/rubinho-350x262.jpg 350w\" sizes=\"auto, (max-width: 640px) 100vw, 640px\" \/><\/a><\/figure><\/li><li class=\"blocks-gallery-item\"><figure><a href=\"https:\/\/nitsites.com.br\/confraria\/wp-content\/uploads\/sites\/9\/2008\/06\/roger.jpg\" rel=\"lightbox[gallery-2]\"><img loading=\"lazy\" decoding=\"async\" width=\"640\" height=\"480\" src=\"https:\/\/nitsites.com.br\/confraria\/wp-content\/uploads\/sites\/9\/2008\/06\/roger.jpg\" alt=\"\" data-id=\"1341\" data-full-url=\"https:\/\/nitsites.com.br\/confraria\/wp-content\/uploads\/sites\/9\/2008\/06\/roger.jpg\" data-link=\"https:\/\/nitsites.com.br\/confraria\/sobre\/tampinha-cross\/roger\" class=\"wp-image-1341\" srcset=\"https:\/\/nitsites.com.br\/confraria\/wp-content\/uploads\/sites\/9\/2008\/06\/roger.jpg 640w, https:\/\/nitsites.com.br\/confraria\/wp-content\/uploads\/sites\/9\/2008\/06\/roger-350x262.jpg 350w\" sizes=\"auto, (max-width: 640px) 100vw, 640px\" \/><\/a><\/figure><\/li><li class=\"blocks-gallery-item\"><figure><a href=\"https:\/\/nitsites.com.br\/confraria\/wp-content\/uploads\/sites\/9\/2008\/06\/rodrigo_sa.jpg\" rel=\"lightbox[gallery-2]\"><img loading=\"lazy\" decoding=\"async\" width=\"640\" height=\"480\" src=\"https:\/\/nitsites.com.br\/confraria\/wp-content\/uploads\/sites\/9\/2008\/06\/rodrigo_sa.jpg\" alt=\"\" data-id=\"1340\" data-full-url=\"https:\/\/nitsites.com.br\/confraria\/wp-content\/uploads\/sites\/9\/2008\/06\/rodrigo_sa.jpg\" data-link=\"https:\/\/nitsites.com.br\/confraria\/sobre\/tampinha-cross\/rodrigo_sa\" class=\"wp-image-1340\" srcset=\"https:\/\/nitsites.com.br\/confraria\/wp-content\/uploads\/sites\/9\/2008\/06\/rodrigo_sa.jpg 640w, https:\/\/nitsites.com.br\/confraria\/wp-content\/uploads\/sites\/9\/2008\/06\/rodrigo_sa-350x262.jpg 350w\" sizes=\"auto, (max-width: 640px) 100vw, 640px\" \/><\/a><\/figure><\/li><li class=\"blocks-gallery-item\"><figure><a href=\"https:\/\/nitsites.com.br\/confraria\/wp-content\/uploads\/sites\/9\/2008\/06\/ricardo.jpg\" rel=\"lightbox[gallery-2]\"><img loading=\"lazy\" decoding=\"async\" width=\"640\" height=\"480\" src=\"https:\/\/nitsites.com.br\/confraria\/wp-content\/uploads\/sites\/9\/2008\/06\/ricardo.jpg\" alt=\"\" data-id=\"1339\" data-full-url=\"https:\/\/nitsites.com.br\/confraria\/wp-content\/uploads\/sites\/9\/2008\/06\/ricardo.jpg\" data-link=\"https:\/\/nitsites.com.br\/confraria\/sobre\/tampinha-cross\/ricardo\" class=\"wp-image-1339\" srcset=\"https:\/\/nitsites.com.br\/confraria\/wp-content\/uploads\/sites\/9\/2008\/06\/ricardo.jpg 640w, https:\/\/nitsites.com.br\/confraria\/wp-content\/uploads\/sites\/9\/2008\/06\/ricardo-350x262.jpg 350w\" sizes=\"auto, (max-width: 640px) 100vw, 640px\" \/><\/a><\/figure><\/li><li class=\"blocks-gallery-item\"><figure><a href=\"https:\/\/nitsites.com.br\/confraria\/wp-content\/uploads\/sites\/9\/2008\/06\/renato.jpg\" rel=\"lightbox[gallery-2]\"><img loading=\"lazy\" decoding=\"async\" width=\"640\" height=\"480\" src=\"https:\/\/nitsites.com.br\/confraria\/wp-content\/uploads\/sites\/9\/2008\/06\/renato.jpg\" alt=\"\" data-id=\"1338\" data-full-url=\"https:\/\/nitsites.com.br\/confraria\/wp-content\/uploads\/sites\/9\/2008\/06\/renato.jpg\" data-link=\"https:\/\/nitsites.com.br\/confraria\/sobre\/tampinha-cross\/renato\" class=\"wp-image-1338\" srcset=\"https:\/\/nitsites.com.br\/confraria\/wp-content\/uploads\/sites\/9\/2008\/06\/renato.jpg 640w, https:\/\/nitsites.com.br\/confraria\/wp-content\/uploads\/sites\/9\/2008\/06\/renato-350x262.jpg 350w\" sizes=\"auto, (max-width: 640px) 100vw, 640px\" \/><\/a><\/figure><\/li><li class=\"blocks-gallery-item\"><figure><a href=\"https:\/\/nitsites.com.br\/confraria\/wp-content\/uploads\/sites\/9\/2008\/06\/ramon.jpg\" rel=\"lightbox[gallery-2]\"><img loading=\"lazy\" decoding=\"async\" width=\"640\" height=\"480\" src=\"https:\/\/nitsites.com.br\/confraria\/wp-content\/uploads\/sites\/9\/2008\/06\/ramon.jpg\" alt=\"\" data-id=\"1337\" data-full-url=\"https:\/\/nitsites.com.br\/confraria\/wp-content\/uploads\/sites\/9\/2008\/06\/ramon.jpg\" data-link=\"https:\/\/nitsites.com.br\/confraria\/sobre\/tampinha-cross\/ramon\" class=\"wp-image-1337\" srcset=\"https:\/\/nitsites.com.br\/confraria\/wp-content\/uploads\/sites\/9\/2008\/06\/ramon.jpg 640w, https:\/\/nitsites.com.br\/confraria\/wp-content\/uploads\/sites\/9\/2008\/06\/ramon-350x262.jpg 350w\" sizes=\"auto, (max-width: 640px) 100vw, 640px\" \/><\/a><\/figure><\/li><li class=\"blocks-gallery-item\"><figure><a href=\"https:\/\/nitsites.com.br\/confraria\/wp-content\/uploads\/sites\/9\/2008\/06\/moranis.jpg\" rel=\"lightbox[gallery-2]\"><img loading=\"lazy\" decoding=\"async\" width=\"640\" height=\"480\" src=\"https:\/\/nitsites.com.br\/confraria\/wp-content\/uploads\/sites\/9\/2008\/06\/moranis.jpg\" alt=\"\" data-id=\"1336\" data-full-url=\"https:\/\/nitsites.com.br\/confraria\/wp-content\/uploads\/sites\/9\/2008\/06\/moranis.jpg\" data-link=\"https:\/\/nitsites.com.br\/confraria\/sobre\/tampinha-cross\/moranis\" class=\"wp-image-1336\" srcset=\"https:\/\/nitsites.com.br\/confraria\/wp-content\/uploads\/sites\/9\/2008\/06\/moranis.jpg 640w, https:\/\/nitsites.com.br\/confraria\/wp-content\/uploads\/sites\/9\/2008\/06\/moranis-350x262.jpg 350w\" sizes=\"auto, (max-width: 640px) 100vw, 640px\" \/><\/a><\/figure><\/li><li class=\"blocks-gallery-item\"><figure><a href=\"https:\/\/nitsites.com.br\/confraria\/wp-content\/uploads\/sites\/9\/2008\/06\/mateus.jpg\" rel=\"lightbox[gallery-2]\"><img loading=\"lazy\" decoding=\"async\" width=\"640\" height=\"480\" src=\"https:\/\/nitsites.com.br\/confraria\/wp-content\/uploads\/sites\/9\/2008\/06\/mateus.jpg\" alt=\"\" data-id=\"1335\" data-full-url=\"https:\/\/nitsites.com.br\/confraria\/wp-content\/uploads\/sites\/9\/2008\/06\/mateus.jpg\" data-link=\"https:\/\/nitsites.com.br\/confraria\/sobre\/tampinha-cross\/mateus\" class=\"wp-image-1335\" srcset=\"https:\/\/nitsites.com.br\/confraria\/wp-content\/uploads\/sites\/9\/2008\/06\/mateus.jpg 640w, https:\/\/nitsites.com.br\/confraria\/wp-content\/uploads\/sites\/9\/2008\/06\/mateus-350x262.jpg 350w\" sizes=\"auto, (max-width: 640px) 100vw, 640px\" \/><\/a><\/figure><\/li><li class=\"blocks-gallery-item\"><figure><a href=\"https:\/\/nitsites.com.br\/confraria\/wp-content\/uploads\/sites\/9\/2008\/06\/marinho.jpg\" rel=\"lightbox[gallery-2]\"><img loading=\"lazy\" decoding=\"async\" width=\"640\" height=\"480\" src=\"https:\/\/nitsites.com.br\/confraria\/wp-content\/uploads\/sites\/9\/2008\/06\/marinho.jpg\" alt=\"\" data-id=\"1334\" data-full-url=\"https:\/\/nitsites.com.br\/confraria\/wp-content\/uploads\/sites\/9\/2008\/06\/marinho.jpg\" data-link=\"https:\/\/nitsites.com.br\/confraria\/sobre\/tampinha-cross\/marinho\" class=\"wp-image-1334\" srcset=\"https:\/\/nitsites.com.br\/confraria\/wp-content\/uploads\/sites\/9\/2008\/06\/marinho.jpg 640w, https:\/\/nitsites.com.br\/confraria\/wp-content\/uploads\/sites\/9\/2008\/06\/marinho-350x262.jpg 350w\" sizes=\"auto, (max-width: 640px) 100vw, 640px\" \/><\/a><\/figure><\/li><li class=\"blocks-gallery-item\"><figure><a href=\"https:\/\/nitsites.com.br\/confraria\/wp-content\/uploads\/sites\/9\/2008\/06\/loira.jpg\" rel=\"lightbox[gallery-2]\"><img loading=\"lazy\" decoding=\"async\" width=\"640\" height=\"480\" src=\"https:\/\/nitsites.com.br\/confraria\/wp-content\/uploads\/sites\/9\/2008\/06\/loira.jpg\" alt=\"\" data-id=\"1333\" data-full-url=\"https:\/\/nitsites.com.br\/confraria\/wp-content\/uploads\/sites\/9\/2008\/06\/loira.jpg\" data-link=\"https:\/\/nitsites.com.br\/confraria\/sobre\/tampinha-cross\/loira\" class=\"wp-image-1333\" srcset=\"https:\/\/nitsites.com.br\/confraria\/wp-content\/uploads\/sites\/9\/2008\/06\/loira.jpg 640w, https:\/\/nitsites.com.br\/confraria\/wp-content\/uploads\/sites\/9\/2008\/06\/loira-350x262.jpg 350w\" sizes=\"auto, (max-width: 640px) 100vw, 640px\" \/><\/a><\/figure><\/li><li class=\"blocks-gallery-item\"><figure><a href=\"https:\/\/nitsites.com.br\/confraria\/wp-content\/uploads\/sites\/9\/2008\/06\/leo.jpg\" rel=\"lightbox[gallery-2]\"><img loading=\"lazy\" decoding=\"async\" width=\"640\" height=\"480\" src=\"https:\/\/nitsites.com.br\/confraria\/wp-content\/uploads\/sites\/9\/2008\/06\/leo.jpg\" alt=\"\" data-id=\"1332\" data-full-url=\"https:\/\/nitsites.com.br\/confraria\/wp-content\/uploads\/sites\/9\/2008\/06\/leo.jpg\" data-link=\"https:\/\/nitsites.com.br\/confraria\/sobre\/tampinha-cross\/leo\" class=\"wp-image-1332\" srcset=\"https:\/\/nitsites.com.br\/confraria\/wp-content\/uploads\/sites\/9\/2008\/06\/leo.jpg 640w, https:\/\/nitsites.com.br\/confraria\/wp-content\/uploads\/sites\/9\/2008\/06\/leo-350x262.jpg 350w\" sizes=\"auto, (max-width: 640px) 100vw, 640px\" \/><\/a><\/figure><\/li><li class=\"blocks-gallery-item\"><figure><a href=\"https:\/\/nitsites.com.br\/confraria\/wp-content\/uploads\/sites\/9\/2008\/06\/kiki.jpg\" rel=\"lightbox[gallery-2]\"><img loading=\"lazy\" decoding=\"async\" width=\"640\" height=\"480\" src=\"https:\/\/nitsites.com.br\/confraria\/wp-content\/uploads\/sites\/9\/2008\/06\/kiki.jpg\" alt=\"\" data-id=\"1331\" data-full-url=\"https:\/\/nitsites.com.br\/confraria\/wp-content\/uploads\/sites\/9\/2008\/06\/kiki.jpg\" data-link=\"https:\/\/nitsites.com.br\/confraria\/sobre\/tampinha-cross\/kiki\" class=\"wp-image-1331\" srcset=\"https:\/\/nitsites.com.br\/confraria\/wp-content\/uploads\/sites\/9\/2008\/06\/kiki.jpg 640w, https:\/\/nitsites.com.br\/confraria\/wp-content\/uploads\/sites\/9\/2008\/06\/kiki-350x262.jpg 350w\" sizes=\"auto, (max-width: 640px) 100vw, 640px\" \/><\/a><\/figure><\/li><li class=\"blocks-gallery-item\"><figure><a href=\"https:\/\/nitsites.com.br\/confraria\/wp-content\/uploads\/sites\/9\/2008\/06\/ju_torres.jpg\" rel=\"lightbox[gallery-2]\"><img loading=\"lazy\" decoding=\"async\" width=\"640\" height=\"480\" src=\"https:\/\/nitsites.com.br\/confraria\/wp-content\/uploads\/sites\/9\/2008\/06\/ju_torres.jpg\" alt=\"\" data-id=\"1330\" data-full-url=\"https:\/\/nitsites.com.br\/confraria\/wp-content\/uploads\/sites\/9\/2008\/06\/ju_torres.jpg\" data-link=\"https:\/\/nitsites.com.br\/confraria\/sobre\/tampinha-cross\/ju_torres\" class=\"wp-image-1330\" srcset=\"https:\/\/nitsites.com.br\/confraria\/wp-content\/uploads\/sites\/9\/2008\/06\/ju_torres.jpg 640w, https:\/\/nitsites.com.br\/confraria\/wp-content\/uploads\/sites\/9\/2008\/06\/ju_torres-350x262.jpg 350w\" sizes=\"auto, (max-width: 640px) 100vw, 640px\" \/><\/a><\/figure><\/li><li class=\"blocks-gallery-item\"><figure><a href=\"https:\/\/nitsites.com.br\/confraria\/wp-content\/uploads\/sites\/9\/2008\/06\/jef.jpg\" rel=\"lightbox[gallery-2]\"><img loading=\"lazy\" decoding=\"async\" width=\"640\" height=\"480\" src=\"https:\/\/nitsites.com.br\/confraria\/wp-content\/uploads\/sites\/9\/2008\/06\/jef.jpg\" alt=\"\" data-id=\"1329\" data-full-url=\"https:\/\/nitsites.com.br\/confraria\/wp-content\/uploads\/sites\/9\/2008\/06\/jef.jpg\" data-link=\"https:\/\/nitsites.com.br\/confraria\/sobre\/tampinha-cross\/jef\" class=\"wp-image-1329\" srcset=\"https:\/\/nitsites.com.br\/confraria\/wp-content\/uploads\/sites\/9\/2008\/06\/jef.jpg 640w, https:\/\/nitsites.com.br\/confraria\/wp-content\/uploads\/sites\/9\/2008\/06\/jef-350x262.jpg 350w\" sizes=\"auto, (max-width: 640px) 100vw, 640px\" \/><\/a><\/figure><\/li><li class=\"blocks-gallery-item\"><figure><a href=\"https:\/\/nitsites.com.br\/confraria\/wp-content\/uploads\/sites\/9\/2008\/06\/erinaldo.jpg\" rel=\"lightbox[gallery-2]\"><img loading=\"lazy\" decoding=\"async\" width=\"640\" height=\"480\" src=\"https:\/\/nitsites.com.br\/confraria\/wp-content\/uploads\/sites\/9\/2008\/06\/erinaldo.jpg\" alt=\"\" data-id=\"1328\" data-full-url=\"https:\/\/nitsites.com.br\/confraria\/wp-content\/uploads\/sites\/9\/2008\/06\/erinaldo.jpg\" data-link=\"https:\/\/nitsites.com.br\/confraria\/sobre\/tampinha-cross\/erinaldo\" class=\"wp-image-1328\" srcset=\"https:\/\/nitsites.com.br\/confraria\/wp-content\/uploads\/sites\/9\/2008\/06\/erinaldo.jpg 640w, https:\/\/nitsites.com.br\/confraria\/wp-content\/uploads\/sites\/9\/2008\/06\/erinaldo-350x262.jpg 350w\" sizes=\"auto, (max-width: 640px) 100vw, 640px\" \/><\/a><\/figure><\/li><li class=\"blocks-gallery-item\"><figure><a href=\"https:\/\/nitsites.com.br\/confraria\/wp-content\/uploads\/sites\/9\/2008\/06\/erika.jpg\" rel=\"lightbox[gallery-2]\"><img loading=\"lazy\" decoding=\"async\" width=\"640\" height=\"480\" src=\"https:\/\/nitsites.com.br\/confraria\/wp-content\/uploads\/sites\/9\/2008\/06\/erika.jpg\" alt=\"\" data-id=\"1327\" data-full-url=\"https:\/\/nitsites.com.br\/confraria\/wp-content\/uploads\/sites\/9\/2008\/06\/erika.jpg\" data-link=\"https:\/\/nitsites.com.br\/confraria\/sobre\/tampinha-cross\/erika\" class=\"wp-image-1327\" srcset=\"https:\/\/nitsites.com.br\/confraria\/wp-content\/uploads\/sites\/9\/2008\/06\/erika.jpg 640w, https:\/\/nitsites.com.br\/confraria\/wp-content\/uploads\/sites\/9\/2008\/06\/erika-350x262.jpg 350w\" sizes=\"auto, (max-width: 640px) 100vw, 640px\" \/><\/a><\/figure><\/li><li class=\"blocks-gallery-item\"><figure><a href=\"https:\/\/nitsites.com.br\/confraria\/wp-content\/uploads\/sites\/9\/2008\/06\/diego.jpg\" rel=\"lightbox[gallery-2]\"><img loading=\"lazy\" decoding=\"async\" width=\"640\" height=\"480\" src=\"https:\/\/nitsites.com.br\/confraria\/wp-content\/uploads\/sites\/9\/2008\/06\/diego.jpg\" alt=\"\" data-id=\"1326\" data-full-url=\"https:\/\/nitsites.com.br\/confraria\/wp-content\/uploads\/sites\/9\/2008\/06\/diego.jpg\" data-link=\"https:\/\/nitsites.com.br\/confraria\/sobre\/tampinha-cross\/diego\" class=\"wp-image-1326\" srcset=\"https:\/\/nitsites.com.br\/confraria\/wp-content\/uploads\/sites\/9\/2008\/06\/diego.jpg 640w, https:\/\/nitsites.com.br\/confraria\/wp-content\/uploads\/sites\/9\/2008\/06\/diego-350x262.jpg 350w\" sizes=\"auto, (max-width: 640px) 100vw, 640px\" \/><\/a><\/figure><\/li><li class=\"blocks-gallery-item\"><figure><a href=\"https:\/\/nitsites.com.br\/confraria\/wp-content\/uploads\/sites\/9\/2008\/06\/carlinha.jpg\" rel=\"lightbox[gallery-2]\"><img loading=\"lazy\" decoding=\"async\" width=\"640\" height=\"480\" src=\"https:\/\/nitsites.com.br\/confraria\/wp-content\/uploads\/sites\/9\/2008\/06\/carlinha.jpg\" alt=\"\" data-id=\"1325\" data-full-url=\"https:\/\/nitsites.com.br\/confraria\/wp-content\/uploads\/sites\/9\/2008\/06\/carlinha.jpg\" data-link=\"https:\/\/nitsites.com.br\/confraria\/sobre\/tampinha-cross\/carlinha\" class=\"wp-image-1325\" srcset=\"https:\/\/nitsites.com.br\/confraria\/wp-content\/uploads\/sites\/9\/2008\/06\/carlinha.jpg 640w, https:\/\/nitsites.com.br\/confraria\/wp-content\/uploads\/sites\/9\/2008\/06\/carlinha-350x262.jpg 350w\" sizes=\"auto, (max-width: 640px) 100vw, 640px\" \/><\/a><\/figure><\/li><li class=\"blocks-gallery-item\"><figure><a href=\"https:\/\/nitsites.com.br\/confraria\/wp-content\/uploads\/sites\/9\/2008\/06\/bessa.jpg\" rel=\"lightbox[gallery-2]\"><img loading=\"lazy\" decoding=\"async\" width=\"640\" height=\"480\" src=\"https:\/\/nitsites.com.br\/confraria\/wp-content\/uploads\/sites\/9\/2008\/06\/bessa.jpg\" alt=\"\" data-id=\"1324\" data-full-url=\"https:\/\/nitsites.com.br\/confraria\/wp-content\/uploads\/sites\/9\/2008\/06\/bessa.jpg\" data-link=\"https:\/\/nitsites.com.br\/confraria\/sobre\/tampinha-cross\/bessa\" class=\"wp-image-1324\" srcset=\"https:\/\/nitsites.com.br\/confraria\/wp-content\/uploads\/sites\/9\/2008\/06\/bessa.jpg 640w, https:\/\/nitsites.com.br\/confraria\/wp-content\/uploads\/sites\/9\/2008\/06\/bessa-350x262.jpg 350w\" sizes=\"auto, (max-width: 640px) 100vw, 640px\" \/><\/a><\/figure><\/li><\/ul><\/figure>\n\n\n\n<h2 class=\"wp-block-heading\">Etapas<\/h2>\n\n\n\n<ul class=\"wp-block-list\"><li><a href=\"http:\/\/www.nitsites.com.br\/confraria\/tampinha-cross-araruama-2006.html\">Etapa Araruama 2006<\/a><\/li><li><a href=\"http:\/\/www.nitsites.com.br\/confraria\/tampinha-cross-500millas.html\">Etapa 500 Millas de Erinald\u00e1polis<\/a><\/li><li><a href=\"http:\/\/www.nitsites.com.br\/confraria\/tampinha-cross-marikart.html\">Marikart I e II (etapa dupla)<\/a><\/li><li><a href=\"http:\/\/www.nitsites.com.br\/confraria\/tampinha-cross-muriae.html\">Etapa Muria\u00e9 (extra-oficial)<\/a><\/li><\/ul>\n\n\n\n<h2 class=\"wp-block-heading\">Classifica\u00e7\u00e3o Geral<\/h2>\n\n\n\n<figure class=\"wp-block-table tabela\"><table><thead><tr><th><abbr title=\"Posi\u00e7\u00e3o\">Pos.<\/abbr><\/th><th>Piloto<\/th><th>Araruama<\/th><th>500 Millas<\/th><th>Maric\u00e1 I<\/th><th>Maric\u00e1 II<\/th><th>Total<\/th><\/tr><\/thead><tbody><tr><th>1\u00b0<\/th><td>Eri &#8220;M\u00e1quina&#8221; (51)<\/td><td>10 <img decoding=\"async\" style=\"border: 0;\" title=\"1\u00ba lugar\" src=\"http:\/\/www.nitsites.com.br\/confraria\/wp-content\/uploads\/sites\/9\/m1.jpg\" alt=\"Medalha de ouro\"><\/td><td>10 <img decoding=\"async\" style=\"border: 0;\" title=\"1\u00ba lugar\" src=\"http:\/\/www.nitsites.com.br\/confraria\/wp-content\/uploads\/sites\/9\/m1.jpg\" alt=\"Medalha de ouro\"><\/td><td>5 (4\u00b0)<\/td><td>5 (4\u00b0)<\/td><td>30 pts<\/td><\/tr><tr><th>2\u00b0<\/th><td>R. Dornelas (11)<\/td><td>6 <img decoding=\"async\" style=\"border: 0;\" title=\"3\u00ba lugar\" src=\"http:\/\/www.nitsites.com.br\/confraria\/wp-content\/uploads\/sites\/9\/m3.jpg\" alt=\"Medalha de bronze\"><\/td><td>5 (4\u00b0)<\/td><td>10 <img decoding=\"async\" style=\"border: 0;\" title=\"1\u00ba lugar\" src=\"http:\/\/www.nitsites.com.br\/confraria\/wp-content\/uploads\/sites\/9\/m1.jpg\" alt=\"Medalha de ouro\"><\/td><td>6 <img decoding=\"async\" style=\"border: 0;\" title=\"3\u00ba lugar\" src=\"http:\/\/www.nitsites.com.br\/confraria\/wp-content\/uploads\/sites\/9\/m3.jpg\" alt=\"Medalha de bronze\"><\/td><td>27 pts<\/td><\/tr><tr><th>3\u00b0<\/th><td>Bessa Hamilton (666)<\/td><td>&#8211;<\/td><td>&#8211;<\/td><td>8 <img decoding=\"async\" style=\"border: 0;\" title=\"2\u00ba lugar\" src=\"http:\/\/www.nitsites.com.br\/confraria\/wp-content\/uploads\/sites\/9\/m2.jpg\" alt=\"Medalha de prata\"><\/td><td>10 <img decoding=\"async\" style=\"border: 0;\" title=\"1\u00ba lugar\" src=\"http:\/\/www.nitsites.com.br\/confraria\/wp-content\/uploads\/sites\/9\/m1.jpg\" alt=\"Medalha de ouro\"><\/td><td>18 pts<\/td><\/tr><tr><th>4\u00b0<\/th><td>L. Antonioli (69)<\/td><td>4 (5\u00b0)<\/td><td>6 <img decoding=\"async\" style=\"border: 0;\" title=\"3\u00ba lugar\" src=\"http:\/\/www.nitsites.com.br\/confraria\/wp-content\/uploads\/sites\/9\/m3.jpg\" alt=\"Medalha de bronze\"><\/td><td>4 (5\u00b0)<\/td><td>0 (10\u00b0)<\/td><td>14 pts<\/td><\/tr><tr><th>5\u00b0<\/th><td>J. Schmaedecke (13)<\/td><td>2 (7\u00b0)<\/td><td>0 (out)<\/td><td>6 <img decoding=\"async\" style=\"border: 0;\" title=\"3\u00ba lugar\" src=\"http:\/\/www.nitsites.com.br\/confraria\/wp-content\/uploads\/sites\/9\/m3.jpg\" alt=\"Medalha de bronze\"><\/td><td>4 (5\u00b0)<\/td><td>12 pts<\/td><\/tr><tr><td>M. Dornelas (8)<\/td><td>8 <img decoding=\"async\" style=\"border: 0;\" title=\"2\u00ba lugar\" src=\"http:\/\/www.nitsites.com.br\/confraria\/wp-content\/uploads\/sites\/9\/m2.jpg\" alt=\"Medalha de prata\"><\/td><td>4 (5\u00b0)<\/td><td>&#8211;<\/td><td>&#8211;<\/td><td>12 pts<\/td><\/tr><tr><th>6\u00b0<\/th><td>R. Moranis (10)<\/td><td>&#8211;<\/td><td>&#8211;<\/td><td>&#8211;<\/td><td>8 <img decoding=\"async\" style=\"border: 0;\" title=\"2\u00ba lugar\" src=\"http:\/\/www.nitsites.com.br\/confraria\/wp-content\/uploads\/sites\/9\/m2.jpg\" alt=\"Medalha de prata\"><\/td><td>8 pts<\/td><\/tr><tr><td>R. Marinho (20)<\/td><td>5 (4\u00b0)<\/td><td>3 (6\u00b0)<\/td><td>&#8211;<\/td><td>&#8211;<\/td><td>8 pts<\/td><\/tr><tr><td>R. Bauk (7)<\/td><td>&#8211;<\/td><td>8 <img decoding=\"async\" style=\"border: 0;\" title=\"2\u00ba lugar\" src=\"http:\/\/www.nitsites.com.br\/confraria\/wp-content\/uploads\/sites\/9\/m2.jpg\" alt=\"Medalha de prata\"><\/td><td>&#8211;<\/td><td>&#8211;<\/td><td>8 pts<\/td><\/tr><tr><th>7\u00b0<\/th><td>Kiki (3)<\/td><td>&#8211;<\/td><td>0 (out)<\/td><td>3 (6\u00b0)<\/td><td>0 (9\u00b0)<\/td><td>3 pts<\/td><\/tr><tr><td>R. Carrilho (111)<\/td><td>&#8211;<\/td><td>&#8211;<\/td><td>&#8211;<\/td><td>3 (6\u00b0)<\/td><td>3 pts<\/td><\/tr><tr><td>E. Sitko (31)<\/td><td>3 (6\u00b0)<\/td><td>0 (out)<\/td><td>&#8211;<\/td><td>&#8211;<\/td><td>3 pts<\/td><\/tr><tr><th>8\u00b0<\/th><td>J\u00fa T. (9)<\/td><td>&#8211;<\/td><td>&#8211;<\/td><td>&#8211;<\/td><td>2 (7\u00b0)<\/td><td>2 pts<\/td><\/tr><tr><td>Ricardo (4)<\/td><td>&#8211;<\/td><td>2 (7\u00b0)<\/td><td>&#8211;<\/td><td>&#8211;<\/td><td>2 pts<\/td><\/tr><tr><th>9\u00b0<\/th><td>Diego (70)<\/td><td>&#8211;<\/td><td>&#8211;<\/td><td>&#8211;<\/td><td>1 (8\u00b0)<\/td><td>1 pt<\/td><\/tr><tr><td>T. Franco (007)<\/td><td>1 (8\u00b0)<\/td><td>&#8211;<\/td><td>&#8211;<\/td><td>&#8211;<\/td><td>1 pt<\/td><\/tr><tr><th>10\u00b0<\/th><td>A. Bas\u00edlio (99)<\/td><td>&#8211;<\/td><td>0 (out)<\/td><td>&#8211;<\/td><td>&#8211;<\/td><td>0 pts<\/td><\/tr><tr><td>Carlinha (22)<\/td><td>&#8211;<\/td><td>0 (out)<\/td><td>&#8211;<\/td><td>&#8211;<\/td><td>0 pts<\/td><\/tr><tr><td>Loira(96)<\/td><td>&#8211;<\/td><td>0 (out)<\/td><td>&#8211;<\/td><td>&#8211;<\/td><td>0 pts<\/td><\/tr><tr><td>R. S\u00e1 (00)<\/td><td>&#8211;<\/td><td>0 (out)<\/td><td>&#8211;<\/td><td>&#8211;<\/td><td>0 pts<\/td><\/tr><\/tbody><\/table><\/figure>\n","protected":false},"excerpt":{"rendered":"<p>O Tampinha Cross Beer Championship tem uma vantagem \u00edmpar: voc\u00ea pode beber \u00e0 vontade enquanto aguarda os outros participantes jogarem!<\/p>\n","protected":false},"author":1,"featured_media":281,"parent":80,"menu_order":2,"comment_status":"closed","ping_status":"closed","template":"","meta":{"footnotes":""},"class_list":["post-87","page","type-page","status-publish","has-post-thumbnail","hentry"],"_links":{"self":[{"href":"https:\/\/nitsites.com.br\/confraria\/wp-json\/wp\/v2\/pages\/87","targetHints":{"allow":["GET"]}}],"collection":[{"href":"https:\/\/nitsites.com.br\/confraria\/wp-json\/wp\/v2\/pages"}],"about":[{"href":"https:\/\/nitsites.com.br\/confraria\/wp-json\/wp\/v2\/types\/page"}],"author":[{"embeddable":true,"href":"https:\/\/nitsites.com.br\/confraria\/wp-json\/wp\/v2\/users\/1"}],"replies":[{"embeddable":true,"href":"https:\/\/nitsites.com.br\/confraria\/wp-json\/wp\/v2\/comments?post=87"}],"version-history":[{"count":2,"href":"https:\/\/nitsites.com.br\/confraria\/wp-json\/wp\/v2\/pages\/87\/revisions"}],"predecessor-version":[{"id":1671,"href":"https:\/\/nitsites.com.br\/confraria\/wp-json\/wp\/v2\/pages\/87\/revisions\/1671"}],"up":[{"embeddable":true,"href":"https:\/\/nitsites.com.br\/confraria\/wp-json\/wp\/v2\/pages\/80"}],"wp:featuredmedia":[{"embeddable":true,"href":"https:\/\/nitsites.com.br\/confraria\/wp-json\/wp\/v2\/media\/281"}],"wp:attachment":[{"href":"https:\/\/nitsites.com.br\/confraria\/wp-json\/wp\/v2\/media?parent=87"}],"curies":[{"name":"wp","href":"https:\/\/api.w.org\/{rel}","templated":true}]}}